{"id":320,"date":"2019-11-29T14:48:24","date_gmt":"2019-11-29T13:48:24","guid":{"rendered":"https:\/\/www.teemip.net\/?page_id=320"},"modified":"2024-10-03T17:25:45","modified_gmt":"2024-10-03T15:25:45","slug":"fonctionnalites","status":"publish","type":"page","link":"https:\/\/www.teemip.net\/?page_id=320","title":{"rendered":"Fonctionnalit\u00e9s"},"content":{"rendered":"\n<p class=\"has-normal-font-size\">TeemIp fournit \u00e0 la communaut\u00e9 un grand nombre de fonctionnalit\u00e9s d\u00e9di\u00e9es au monde de l&#8217;adressage IP, du DNS, du DHCP et de la gestion de r\u00e9seaux. La plus part d&#8217;entre elles sont incorpor\u00e9es dans la version autonome du produit. Le module TeemIp que vous installez sur une instance iTop ne contient que les fonctionnalit\u00e9s c\u0153ur mais toutes les autres peuvent \u00eatres ajout\u00e9es, comme n&#8217;importe quelle autre extension iTop.<\/p>\n\n\n\n<p class=\"has-medium-font-size\">Extensions pr\u00e9sentes dans les deux versions autonome et module pour iTop<\/p>\n\n\n\n<ul class=\"wp-block-list\">\n<li><a href=\"https:\/\/wiki.teemip.net\/doku.php?id=2_x:datamodel:start#ip_management\">Gestion des adresses IP<\/a>\n<ul class=\"wp-block-list\">\n<li>G\u00e8re vos espaces IPv4 et IPv6:  blocs, sous-r\u00e9seaux, plages et adresses.<\/li>\n<\/ul>\n<\/li>\n\n\n\n<li><a href=\"https:\/\/wiki.teemip.net\/doku.php?id=2_x:datamodel:start#cmdb\">Gestion des configurations (CMDB)<\/a>\n<ul class=\"wp-block-list\">\n<li>R\u00e9f\u00e9rentiel vous permettant de documenter vos \u00e9quipements de virtualisation, de stockage, de centre de donn\u00e9es et utilisateurs et de les lier \u00e0 vos objets IP.<\/li>\n<\/ul>\n<\/li>\n\n\n\n<li><a href=\"https:\/\/wiki.teemip.net\/doku.php?id=2_x:datamodel:teemip-network-mgmt\">Gestion du r\u00e9seau<\/a>\n<ul class=\"wp-block-list\">\n<li>Documente les liens WAN, VLANs, \u00e9quipements et interfaces r\u00e9seau, VRFs, num\u00e9ros d&#8217;AS&#8230;<\/li>\n<\/ul>\n<\/li>\n\n\n\n<li><a href=\"https:\/\/wiki.teemip.net\/doku.php?id=2_x:datamodel:teemip-network-mgmt#domain\">Gestion des noms de domaines<\/a>\n<ul class=\"wp-block-list\">\n<li>G\u00e8re votre espace de noms de domaines.<\/li>\n<\/ul>\n<\/li>\n<\/ul>\n\n\n\n<p class=\"has-medium-font-size\">Extensions de la version autonome qui peuvent \u00eatre ajout\u00e9es au module TeemIp.<\/p>\n\n\n\n<ul class=\"wp-block-list\">\n<li><a href=\"https:\/\/wiki.teemip.net\/doku.php?id=extensions:teemip-macaddress-lookup\">D\u00e9codage d&#8217;adresses MAC<\/a>\n<ul class=\"wp-block-list\">\n<li>Recherche des informations sur les MAC adresses<\/li>\n<\/ul>\n<\/li>\n\n\n\n<li><a href=\"https:\/\/wiki.teemip.net\/doku.php?id=extensions:teemip-ip-discovery\">D\u00e9couverte IP<\/a>\n<ul class=\"wp-block-list\">\n<li>D\u00e9couvre les adresses IP actives de votre environnement et les enregistre automatiquement dans TeemIp. <\/li>\n<\/ul>\n<\/li>\n\n\n\n<li><a href=\"https:\/\/wiki.teemip.net\/doku.php?id=extensions:teemip-network-mgmt-extended\">Gestion de r\u00e9seau \u00e9tendue<\/a>\n<ul class=\"wp-block-list\">\n<li>Ajoute un jeu de classes avanc\u00e9 pour la gestion des \u00e9quipements r\u00e9seau<\/li>\n<\/ul>\n<\/li>\n\n\n\n<li><a href=\"https:\/\/wiki.teemip.net\/doku.php?id=extensions:teemip-cable-mgmt\">Gestion du c\u00e2blage<\/a>\n<ul class=\"wp-block-list\">\n<li>Documente les connections physiques entre \u00e9quipements.<\/li>\n<\/ul>\n<\/li>\n\n\n\n<li><a href=\"https:\/\/wiki.teemip.net\/doku.php?id=extensions:teemip-dhcp-mgmt\">Gestion du DHCP<\/a>\n<ul class=\"wp-block-list\">\n<li>Documente vos options DHCP.<\/li>\n<\/ul>\n<\/li>\n\n\n\n<li><a href=\"https:\/\/wiki.teemip.net\/doku.php?id=extensions:teemip-zone-mgmt\">Gestion du DNS<\/a>\n<ul class=\"wp-block-list\">\n<li>G\u00e8re vos vues, zones et enregistrements DNS en relation avec les objets IPs et ceux de la CMDB.<\/li>\n<\/ul>\n<\/li>\n\n\n\n<li><a href=\"https:\/\/wiki.teemip.net\/doku.php?id=2_x:portal\">Portail utilisateur<\/a>\n<ul class=\"wp-block-list\">\n<li>Fournit \u00e0 vos utilisateurs une interface web simple d&#8217;utilisation pour qu&#8217;ils g\u00e8rent ais\u00e9ment leurs demandes relatives aux IPs et sous-r\u00e9seaux.<\/li>\n<\/ul>\n<\/li>\n\n\n\n<li><a href=\"https:\/\/wiki.teemip.net\/doku.php?id=extensions:teemip-request-mgmt\">Tickets sp\u00e9cialis\u00e9s IP<\/a>\n<ul class=\"wp-block-list\">\n<li>Pilote les cr\u00e9ations, modifications et suppressions d&#8217;adresses IP et de sous-r\u00e9seaux \u00e0 travers des tickets int\u00e9grant des actions automatiques.<\/li>\n<\/ul>\n<\/li>\n<\/ul>\n\n\n<p><!--EndFragment--><\/p>","protected":false},"excerpt":{"rendered":"<p>TeemIp fournit \u00e0 la communaut\u00e9 un grand nombre de fonctionnalit\u00e9s d\u00e9di\u00e9es au monde de l&#8217;adressage IP, du DNS, du DHCP et de la gestion de r\u00e9seaux. La plus part d&#8217;entre elles sont incorpor\u00e9es dans la version autonome du produit. Le module TeemIp que vous installez sur une instance iTop ne contient que les fonctionnalit\u00e9s c\u0153ur [&hellip;]<\/p>\n","protected":false},"author":1,"featured_media":0,"parent":0,"menu_order":0,"comment_status":"closed","ping_status":"closed","template":"","meta":{"footnotes":""},"class_list":["post-320","page","type-page","status-publish","hentry"],"_links":{"self":[{"href":"https:\/\/www.teemip.net\/index.php?rest_route=\/wp\/v2\/pages\/320","targetHints":{"allow":["GET"]}}],"collection":[{"href":"https:\/\/www.teemip.net\/index.php?rest_route=\/wp\/v2\/pages"}],"about":[{"href":"https:\/\/www.teemip.net\/index.php?rest_route=\/wp\/v2\/types\/page"}],"author":[{"embeddable":true,"href":"https:\/\/www.teemip.net\/index.php?rest_route=\/wp\/v2\/users\/1"}],"replies":[{"embeddable":true,"href":"https:\/\/www.teemip.net\/index.php?rest_route=%2Fwp%2Fv2%2Fcomments&post=320"}],"version-history":[{"count":11,"href":"https:\/\/www.teemip.net\/index.php?rest_route=\/wp\/v2\/pages\/320\/revisions"}],"predecessor-version":[{"id":799,"href":"https:\/\/www.teemip.net\/index.php?rest_route=\/wp\/v2\/pages\/320\/revisions\/799"}],"wp:attachment":[{"href":"https:\/\/www.teemip.net\/index.php?rest_route=%2Fwp%2Fv2%2Fmedia&parent=320"}],"curies":[{"name":"wp","href":"https:\/\/api.w.org\/{rel}","templated":true}]}}