{"id":327,"date":"2019-11-29T14:51:02","date_gmt":"2019-11-29T13:51:02","guid":{"rendered":"https:\/\/www.teemip.net\/?page_id=327"},"modified":"2019-11-30T17:47:19","modified_gmt":"2019-11-30T16:47:19","slug":"bienvenue-dans-le-monde-teemip","status":"publish","type":"page","link":"https:\/\/www.teemip.net\/?page_id=327","title":{"rendered":"Bienvenue"},"content":{"rendered":"\n<p>Tous les administrateurs r\u00e9seau reconnaissent l&#8217;importance de bien g\u00e9rer son espace d&#8217;adressage IP: un inventaire complet et \u00e0 jour de tous les sous-r\u00e9seaux et de toutes les IPs utilis\u00e9s ainsi qu&#8217;un processus simple et facile d&#8217;acc\u00e8s pour demander des cr\u00e9ations, des changements ou des lib\u00e9rations de sous-r\u00e9seaux ou d&#8217;adresses sont les bases n\u00e9cessaires \u00e0 une administration r\u00e9seau apais\u00e9e.<\/p>\n\n\n\n<p>Malheureusement, dans de nombreuses entreprises ou organisations, l&#8217;administration des IPs n&#8217;est pas per\u00e7ue comme \u00e9tant un service critique pour la bonne marche des op\u00e9rations IT. Et quand c&#8217;est le cas, les prix d&#8217;acquisition et de mise en oeuvre des solutions propri\u00e9taires sont tels que les investissements n\u00e9cessaires sont toujours report\u00e9s au prochain exercice budg\u00e9taire.<\/p>\n\n\n\n<p>Par cons\u00e9quent, les administrateurs r\u00e9seau sont souvent \u00e0 la peine pour avoir un inventaire correct de leur espace IP et, pour cela, se reposent trop souvent sur des fichiers Excel ou des fichiers de configuration DNS pour remplir leur mission.<\/p>\n\n\n\n<p>Le projet TeemIp a \u00e9t\u00e9 pr\u00e9cis\u00e9ment cr\u00e9\u00e9 pour r\u00e9pondre \u00e0 cette probl\u00e9matique. C&#8217;est une solution open source qui fournit:<\/p>\n\n\n\n<ul class=\"wp-block-list\"><li>Un r\u00e9f\u00e9rentiel IP pour g\u00e9rer les plans d&#8217;adressage IPv4 et IPv6 : blocs de sous-r\u00e9seaux, sous-r\u00e9seaux, plages d&#8217;adresses IP et adresses IP,<\/li><li>Un outil de d\u00e9couverte d&#8217;adresses IP,<\/li><li>Une CMDB pour g\u00e9rer les \u00e9l\u00e9ments de configuration standards ainsi que des VLANs, des liens WAN, des num\u00e9ros d&#8217;AS et des VRFs,<\/li><li>Un environnement pour g\u00e9rer les noms de domaines et les zones DNS,<\/li><li>Un outil de gestion des demandes pour traiter les cr\u00e9ations, allocations, changements ou lib\u00e9rations des adresses IP et des sous-r\u00e9seaux,<\/li><li>&#8230; et bien plus comme vous allez le d\u00e9couvrir sur ce site.<\/li><\/ul>\n\n\n\n<p>En terme de licence, TeemIp est couvert par la version 3 de la <a rel=\"noreferrer noopener\" aria-label=\"GNU Affero General Public  License (s\u2019ouvre dans un nouvel onglet)\" href=\"https:\/\/www.gnu.org\/licenses\/agpl-3.0.en.html\" target=\"_blank\">GNU Affero General Public License<\/a> publi\u00e9e par la Free Software Foundation. <\/p>\n","protected":false},"excerpt":{"rendered":"<p>Tous les administrateurs r\u00e9seau reconnaissent l&#8217;importance de bien g\u00e9rer son espace d&#8217;adressage IP: un inventaire complet et \u00e0 jour de tous les sous-r\u00e9seaux et de toutes les IPs utilis\u00e9s ainsi qu&#8217;un processus simple et facile d&#8217;acc\u00e8s pour demander des cr\u00e9ations, des changements ou des lib\u00e9rations de sous-r\u00e9seaux ou d&#8217;adresses sont les bases n\u00e9cessaires \u00e0 une [&hellip;]<\/p>\n","protected":false},"author":1,"featured_media":0,"parent":0,"menu_order":0,"comment_status":"closed","ping_status":"closed","template":"","meta":{"footnotes":""},"class_list":["post-327","page","type-page","status-publish","hentry"],"_links":{"self":[{"href":"https:\/\/www.teemip.net\/index.php?rest_route=\/wp\/v2\/pages\/327","targetHints":{"allow":["GET"]}}],"collection":[{"href":"https:\/\/www.teemip.net\/index.php?rest_route=\/wp\/v2\/pages"}],"about":[{"href":"https:\/\/www.teemip.net\/index.php?rest_route=\/wp\/v2\/types\/page"}],"author":[{"embeddable":true,"href":"https:\/\/www.teemip.net\/index.php?rest_route=\/wp\/v2\/users\/1"}],"replies":[{"embeddable":true,"href":"https:\/\/www.teemip.net\/index.php?rest_route=%2Fwp%2Fv2%2Fcomments&post=327"}],"version-history":[{"count":7,"href":"https:\/\/www.teemip.net\/index.php?rest_route=\/wp\/v2\/pages\/327\/revisions"}],"predecessor-version":[{"id":403,"href":"https:\/\/www.teemip.net\/index.php?rest_route=\/wp\/v2\/pages\/327\/revisions\/403"}],"wp:attachment":[{"href":"https:\/\/www.teemip.net\/index.php?rest_route=%2Fwp%2Fv2%2Fmedia&parent=327"}],"curies":[{"name":"wp","href":"https:\/\/api.w.org\/{rel}","templated":true}]}}