{"id":329,"date":"2019-11-29T14:52:53","date_gmt":"2019-11-29T13:52:53","guid":{"rendered":"https:\/\/www.teemip.net\/?page_id=329"},"modified":"2024-10-03T17:35:56","modified_gmt":"2024-10-03T15:35:56","slug":"telechargements","status":"publish","type":"page","link":"https:\/\/www.teemip.net\/?page_id=329","title":{"rendered":"T\u00e9l\u00e9chargements"},"content":{"rendered":"\n<p>TeemIp est disponible en tant que <a aria-label=\"standalone product (s\u2019ouvre dans un nouvel onglet)\" href=\"https:\/\/sourceforge.net\/projects\/teemip\/files\/latest\/download\" target=\"_blank\" rel=\"noreferrer noopener\">produit autonome<\/a> ou comme une <a href=\"https:\/\/sourceforge.net\/projects\/teemip\/files\/teemip%20-%20an%20iTop%20module\/3.2.0\/teemip-core-ip-mgmt-3.2.0-812.zip\/download\">extension iTop<\/a>. La premi\u00e8re option apporte les fonctionnalit\u00e9s suivantes:<\/p>\n\n\n\n<ul class=\"wp-block-list\">\n<li>une CMDB compl\u00e8te qui inclut tous les modules CMDB d&#8217;iTop ainsi que ceux sp\u00e9cifiques \u00e0 TeemIp,<\/li>\n\n\n\n<li>les modules c\u0153ur de TeemIp,<\/li>\n\n\n\n<li>l&#8217;extension de d\u00e9couverte des IPs qui fonctionne en relation avec l&#8217;application de d\u00e9couverte des IPs,<\/li>\n\n\n\n<li>les tickets et le portail utilisateurs TeemIp d\u00e9di\u00e9s \u00e0 la gestion des IPs et des sous-r\u00e9seaux,<\/li>\n\n\n\n<li>l&#8217;extension de gestion des zones DNS.<\/li>\n<\/ul>\n\n\n\n<p>La seconde option enrichit une <a rel=\"noreferrer noopener\" aria-label=\"iTop product (s\u2019ouvre dans un nouvel onglet)\" href=\"https:\/\/sourceforge.net\/projects\/itop\/?source=directory\" target=\"_blank\">instance iTop<\/a> d\u00e9j\u00e0 install\u00e9e avec les modules c\u0153ur de TeemIp. Elle n&#8217;inclut pas d&#8217;autres extensions TeemIP. Celles-ci peuvent n\u00e9anmoins \u00eatre install\u00e9es s\u00e9par\u00e9ment, comme n&#8217;importe quelle extension iTop.<\/p>\n\n\n\n<p>Si votre instance iTop est d\u00e9j\u00e0 connect\u00e9e \u00e0 <a rel=\"noreferrer noopener\" aria-label=\"iTop Hub (s\u2019ouvre dans un nouvel onglet)\" href=\"https:\/\/www.itophub.io\/\" target=\"_blank\">iTop Hub<\/a>, vous pouvez directement t\u00e9l\u00e9charger les modules c\u0153ur de TeemIp, ainsi que d&#8217;autres extensions, suivants les m\u00e9canismes standards de t\u00e9l\u00e9chargement du hub.<\/p>\n\n\n\n<p>Les fonctionnalit\u00e9s fournies par ces 2 options sont document\u00e9es sur le <a rel=\"noreferrer noopener\" aria-label=\"TeemIp's dedicated wiki (s\u2019ouvre dans un nouvel onglet)\" href=\"https:\/\/wiki.teemip.net\" target=\"_blank\">wiki d\u00e9di\u00e9 \u00e0 TeemIp<\/a>.<\/p>\n\n\n<p><!--EndFragment--><\/p>\n\n\n<p class=\"has-medium-font-size\">Extensions<\/p>\n\n\n\n<p>En plus des produits c\u0153urs, un ensemble d&#8217;extensions est disponible au t\u00e9l\u00e9chargement sur le wiki, sous le chapitre <a href=\"https:\/\/wiki.teemip.net\/doku.php?id=extensions:start\">TeemIp Extensions<\/a>.<\/p>\n\n\n<p><!--EndFragment--><\/p>","protected":false},"excerpt":{"rendered":"<p>TeemIp est disponible en tant que produit autonome ou comme une extension iTop. La premi\u00e8re option apporte les fonctionnalit\u00e9s suivantes: La seconde option enrichit une instance iTop d\u00e9j\u00e0 install\u00e9e avec les modules c\u0153ur de TeemIp. Elle n&#8217;inclut pas d&#8217;autres extensions TeemIP. Celles-ci peuvent n\u00e9anmoins \u00eatre install\u00e9es s\u00e9par\u00e9ment, comme n&#8217;importe quelle extension iTop. Si votre instance [&hellip;]<\/p>\n","protected":false},"author":1,"featured_media":0,"parent":0,"menu_order":0,"comment_status":"closed","ping_status":"closed","template":"","meta":{"footnotes":""},"class_list":["post-329","page","type-page","status-publish","hentry"],"_links":{"self":[{"href":"https:\/\/www.teemip.net\/index.php?rest_route=\/wp\/v2\/pages\/329","targetHints":{"allow":["GET"]}}],"collection":[{"href":"https:\/\/www.teemip.net\/index.php?rest_route=\/wp\/v2\/pages"}],"about":[{"href":"https:\/\/www.teemip.net\/index.php?rest_route=\/wp\/v2\/types\/page"}],"author":[{"embeddable":true,"href":"https:\/\/www.teemip.net\/index.php?rest_route=\/wp\/v2\/users\/1"}],"replies":[{"embeddable":true,"href":"https:\/\/www.teemip.net\/index.php?rest_route=%2Fwp%2Fv2%2Fcomments&post=329"}],"version-history":[{"count":16,"href":"https:\/\/www.teemip.net\/index.php?rest_route=\/wp\/v2\/pages\/329\/revisions"}],"predecessor-version":[{"id":805,"href":"https:\/\/www.teemip.net\/index.php?rest_route=\/wp\/v2\/pages\/329\/revisions\/805"}],"wp:attachment":[{"href":"https:\/\/www.teemip.net\/index.php?rest_route=%2Fwp%2Fv2%2Fmedia&parent=329"}],"curies":[{"name":"wp","href":"https:\/\/api.w.org\/{rel}","templated":true}]}}