{"id":331,"date":"2019-11-29T14:53:45","date_gmt":"2019-11-29T13:53:45","guid":{"rendered":"https:\/\/www.teemip.net\/?page_id=331"},"modified":"2019-11-30T14:41:29","modified_gmt":"2019-11-30T13:41:29","slug":"services-2","status":"publish","type":"page","link":"https:\/\/www.teemip.net\/?page_id=331","title":{"rendered":"Services"},"content":{"rendered":"\n<p>TeemIp est un projet Open Source h\u00e9berg\u00e9 par <a href=\"https:\/\/sourceforge.net\/projects\/teemip\/\">SourceForge<\/a>. Pour tout besoin d&#8217;assistance, la communaut\u00e9 sera votre premier point de contact \u00e0 travers les <a href=\"https:\/\/sourceforge.net\/p\/teemip\/discussion\/\">canaux de discussions<\/a> et l&#8217;outil de <a href=\"https:\/\/sourceforge.net\/p\/teemip\/tickets\/\">Ticketing<\/a> de SourceForge.<\/p>\n\n\n\n<p>Au cours du temps, votre solution TeemIp peut prendre de l&#8217;importance et devenir critique pour votre environnement IT. Vous chercherez alors sans doutes \u00e0 prot\u00e9ger votre entreprise contre les \u00e9ventuels d\u00e9fauts (bugs, limitations&#8230;) et \u00e0 b\u00e9n\u00e9ficier d&#8217;un canal d\u00e9di\u00e9 pour de l&#8217;assistance. Si tel est votre cas, nous vous conseillons de souscrire \u00e0 des services professionnels aupr\u00e8s d&#8217;une entreprise qui supporte TeemIp. Nous vous recommandons 2 entreprises:<\/p>\n\n\n\n<p class=\"has-medium-font-size\"><a href=\"https:\/\/www.combodo.com\">Combodo<\/a><\/p>\n\n\n\n<p>Bas\u00e9e \u00e0 Grenoble, en France, Combodo est la soci\u00e9t\u00e9 \u00e9ditrice de la solution iTop, un outil  web, open source, de gestion de services bas\u00e9 sur le standard ITIL. iTop est le framework servant de base \u00e0 la solution TeemIp autonome et le produit sur lequel peut \u00eatre install\u00e9 TeemIp en tant qu&#8217;extension. Combodo offre un large panier de services autour d&#8217;iTop et de TeemIp que vous pouvez d\u00e9couvrir <a href=\"https:\/\/www.combodo.com\/support\">ici<\/a>.<\/p>\n\n\n\n<p class=\"has-medium-font-size\"><a href=\"https:\/\/www.itomig.de\">ITOMIG<\/a><\/p>\n\n\n\n<p>Situ\u00e9e  \u00e0 Kehl, en Allemagne, la soci\u00e9t\u00e9 Itomig fournit des services autour de sa solution iTop Professional Plus, principalement dans les pays germanophones. Cette solution  a \u00e9t\u00e9 certifi\u00e9e Serview. Leur catalogue de service est \u00e0 d\u00e9couvrir sur leur <a href=\"https:\/\/www.itomig.de\/shop\">site<\/a>.<\/p>\n","protected":false},"excerpt":{"rendered":"<p>TeemIp est un projet Open Source h\u00e9berg\u00e9 par SourceForge. Pour tout besoin d&#8217;assistance, la communaut\u00e9 sera votre premier point de contact \u00e0 travers les canaux de discussions et l&#8217;outil de Ticketing de SourceForge. Au cours du temps, votre solution TeemIp peut prendre de l&#8217;importance et devenir critique pour votre environnement IT. Vous chercherez alors sans [&hellip;]<\/p>\n","protected":false},"author":1,"featured_media":0,"parent":0,"menu_order":0,"comment_status":"closed","ping_status":"closed","template":"","meta":{"footnotes":""},"class_list":["post-331","page","type-page","status-publish","hentry"],"_links":{"self":[{"href":"https:\/\/www.teemip.net\/index.php?rest_route=\/wp\/v2\/pages\/331","targetHints":{"allow":["GET"]}}],"collection":[{"href":"https:\/\/www.teemip.net\/index.php?rest_route=\/wp\/v2\/pages"}],"about":[{"href":"https:\/\/www.teemip.net\/index.php?rest_route=\/wp\/v2\/types\/page"}],"author":[{"embeddable":true,"href":"https:\/\/www.teemip.net\/index.php?rest_route=\/wp\/v2\/users\/1"}],"replies":[{"embeddable":true,"href":"https:\/\/www.teemip.net\/index.php?rest_route=%2Fwp%2Fv2%2Fcomments&post=331"}],"version-history":[{"count":7,"href":"https:\/\/www.teemip.net\/index.php?rest_route=\/wp\/v2\/pages\/331\/revisions"}],"predecessor-version":[{"id":386,"href":"https:\/\/www.teemip.net\/index.php?rest_route=\/wp\/v2\/pages\/331\/revisions\/386"}],"wp:attachment":[{"href":"https:\/\/www.teemip.net\/index.php?rest_route=%2Fwp%2Fv2%2Fmedia&parent=331"}],"curies":[{"name":"wp","href":"https:\/\/api.w.org\/{rel}","templated":true}]}}