{"id":333,"date":"2019-11-29T14:54:25","date_gmt":"2019-11-29T13:54:25","guid":{"rendered":"https:\/\/www.teemip.net\/?page_id=333"},"modified":"2019-12-06T14:07:23","modified_gmt":"2019-12-06T13:07:23","slug":"qui-sommes-nous","status":"publish","type":"page","link":"https:\/\/www.teemip.net\/?page_id=333","title":{"rendered":"Qui sommes nous ?"},"content":{"rendered":"\n<p> &#8220;Qui suis-je&#8221; devrions-nous dire car le projet TeemIp a \u00e9t\u00e9 cr\u00e9\u00e9, d\u00e9velopp\u00e9 et est actuellement maintenu par une seule et unique personne.<\/p>\n\n\n\n<p>Les mondes du DNS, DHCP et de l&#8217;IP Management ont \u00e9t\u00e9 mes terrains de jeu pendant les 16 ans (1998 &#8211; 2014) que j&#8217;ai pass\u00e9 chez Hewlett-Packard en tant qu&#8217;ing\u00e9nieur &#8220;DDI&#8221; \u00e0 travailler sur une grande vari\u00e9t\u00e9 d&#8217;infrastructures, au sein de diverse \u00e9quipes IT ou d&#8217;organisations en charge des op\u00e9rations clients. Pendant ces ann\u00e9es, j&#8217;ai eu l&#8217;opportunit\u00e9 de d\u00e9signer, d\u00e9ployer et maintenir des infrastructures globales pour l&#8217;IT interne d&#8217;HP, pour l&#8217;infrastructure \u00e0 partir de laquelle HP d\u00e9livre ses services aupr\u00e8s de ses clients ou directement pour certains de ses clients mondiaux. VitalQIP, NetID, BlueCat, Infoblox ou EfficientIP&#8230; ont longtemps \u00e9t\u00e9 mes outils quotidiens.<\/p>\n\n\n\n<p>En 2010, trois de mes coll\u00e8gues d\u00e9cid\u00e8rent de quitter HP et de fonder leur propre entreprise, Combodo, pour d\u00e9velopper une solution de gestion de services informatiques, web, open source et align\u00e9e sur la biblioth\u00e8que ITIL: <strong><a href=\"https:\/\/sourceforge.net\/projects\/itop\/\">iTop<\/a><\/strong>.<\/p>\n\n\n\n<p>Mon ambition de d\u00e9velopper une solution open source pour le monde &#8220;DDI&#8221;, bas\u00e9e sur le framework iTop, se r\u00e9v\u00e9la quelques mois apr\u00e8s leur d\u00e9part. Beaucoup d&#8217;entreprises se reposent sur des tableurs pour g\u00e9rer leur espace d&#8217;adressage. En m\u00eame temps, le co\u00fbt et la complexit\u00e9 des solutions DDI pr\u00e9sentes sur le march\u00e9 sont suffisamment hauts pour d\u00e9courager toute vell\u00e9it\u00e9 d&#8217;investir dans un outil d\u00e9cent. D\u2019o\u00f9 l&#8217;id\u00e9e de cr\u00e9er un outil open source, simple d&#8217;utilisation mais complet pour fournir des services DDI. Cette id\u00e9e se transforma en un logiciel et un projet fut ouvert sur SourceForge fin 2011. L&#8217;aventure TeemIp ne s\u2019arr\u00eata jamais depuis cette date !<\/p>\n\n\n\n<p>Je rejoignis naturellement Combodo quelques ann\u00e9es plus tard, en 2014, pour travailler en tant que consultant sur les produits iTop. En m\u00eame temps, je continuais \u00e0 d\u00e9velopper et maintenir TeemIp, essentiellement pendant mon temps libre. A ce jour, TeemIp est toujours un projet ind\u00e9pendant, r\u00e9guli\u00e8rement enrichi par de nouvelle fonctionnalit\u00e9s.<\/p>\n\n\n\n<p>What&#8217;s next ? Et bien&#8230; il me reste encore beaucoup d&#8217;id\u00e9es pour de nouveaux d\u00e9veloppements. Il me faut juste trouver le temps pour les mettre en musique&#8230; \ud83d\ude42<\/p>\n\n\n\n<p>Si vous souhaitez me contacter, vous pouvez le faire via <a href=\"https:\/\/sourceforge.net\/u\/xtophe38\/profile\/\">SourceForge <\/a>ou <a href=\"https:\/\/fr.linkedin.com\/in\/christophe-naud-844901\/\">LinkedIn<\/a>.<\/p>\n\n\n<p><!--EndFragment--><\/p>","protected":false},"excerpt":{"rendered":"<p>&#8220;Qui suis-je&#8221; devrions-nous dire car le projet TeemIp a \u00e9t\u00e9 cr\u00e9\u00e9, d\u00e9velopp\u00e9 et est actuellement maintenu par une seule et unique personne. Les mondes du DNS, DHCP et de l&#8217;IP Management ont \u00e9t\u00e9 mes terrains de jeu pendant les 16 ans (1998 &#8211; 2014) que j&#8217;ai pass\u00e9 chez Hewlett-Packard en tant qu&#8217;ing\u00e9nieur &#8220;DDI&#8221; \u00e0 travailler [&hellip;]<\/p>\n","protected":false},"author":1,"featured_media":0,"parent":0,"menu_order":0,"comment_status":"closed","ping_status":"closed","template":"","meta":{"footnotes":""},"class_list":["post-333","page","type-page","status-publish","hentry"],"_links":{"self":[{"href":"https:\/\/www.teemip.net\/index.php?rest_route=\/wp\/v2\/pages\/333","targetHints":{"allow":["GET"]}}],"collection":[{"href":"https:\/\/www.teemip.net\/index.php?rest_route=\/wp\/v2\/pages"}],"about":[{"href":"https:\/\/www.teemip.net\/index.php?rest_route=\/wp\/v2\/types\/page"}],"author":[{"embeddable":true,"href":"https:\/\/www.teemip.net\/index.php?rest_route=\/wp\/v2\/users\/1"}],"replies":[{"embeddable":true,"href":"https:\/\/www.teemip.net\/index.php?rest_route=%2Fwp%2Fv2%2Fcomments&post=333"}],"version-history":[{"count":10,"href":"https:\/\/www.teemip.net\/index.php?rest_route=\/wp\/v2\/pages\/333\/revisions"}],"predecessor-version":[{"id":416,"href":"https:\/\/www.teemip.net\/index.php?rest_route=\/wp\/v2\/pages\/333\/revisions\/416"}],"wp:attachment":[{"href":"https:\/\/www.teemip.net\/index.php?rest_route=%2Fwp%2Fv2%2Fmedia&parent=333"}],"curies":[{"name":"wp","href":"https:\/\/api.w.org\/{rel}","templated":true}]}}