{"id":335,"date":"2019-11-29T14:54:50","date_gmt":"2019-11-29T13:54:50","guid":{"rendered":"https:\/\/www.teemip.net\/?page_id=335"},"modified":"2024-10-03T17:03:51","modified_gmt":"2024-10-03T15:03:51","slug":"liens-utiles","status":"publish","type":"page","link":"https:\/\/www.teemip.net\/?page_id=335","title":{"rendered":"Liens utiles"},"content":{"rendered":"\n<p>Cette page liste un ensemble de liens qui vous aideront avec TeemIp et qu&#8217;il vous sera utile de marquer dans votre navigateur.<\/p>\n\n\n\n<p class=\"has-medium-font-size\"><a href=\"https:\/\/www.teemip.net\/?page_id=327\">TeemIp<\/a><\/p>\n\n\n\n<ul class=\"wp-block-list\">\n<li>Le <a href=\"https:\/\/wiki.teemip.net\">wiki<\/a> vous offre la documentation la plus compl\u00e8te (en Anglais seulement) sur TeemIp, le c\u0153ur du produit et ses diff\u00e9rentes <a href=\"https:\/\/wiki.teemip.net\/doku.php?id=extensions:start\">extensions<\/a>.<\/li>\n\n\n\n<li>Sur <a href=\"https:\/\/github.com\/TeemIp\">GitHub<\/a>, vous trouverez:\n<ul class=\"wp-block-list\">\n<li>L&#8217;int\u00e9gralit\u00e9 du code TeemIp<\/li>\n<\/ul>\n<\/li>\n\n\n\n<li>Sur <a href=\"https:\/\/sourceforge.net\/projects\/teemip\/\">SourceForge<\/a>, vous trouverez:\n<ul class=\"wp-block-list\">\n<li>Le lien pour t\u00e9l\u00e9charger la <a href=\"https:\/\/sourceforge.net\/projects\/teemip\/files\/latest\/download\">solution autonome<\/a>,<\/li>\n\n\n\n<li>Le lien ou retrouver la derni\u00e8re version de TeemIp an tant qu&#8217;<a href=\"https:\/\/sourceforge.net\/projects\/teemip\/files\/teemip%20-%20an%20iTop%20module\/3.0.1\/teemip-core-ip-mgmt-3.2.0-812.zip\/download\">extension iTop<\/a>,<\/li>\n\n\n\n<li>Un acc\u00e8s aux <a href=\"https:\/\/sourceforge.net\/p\/teemip\/discussion\/\">canaux de discussions<\/a>,<\/li>\n\n\n\n<li>Une page pour enregistrer vos <a href=\"https:\/\/sourceforge.net\/p\/teemip\/tickets\/\">tickets de support<\/a>.<\/li>\n<\/ul>\n<\/li>\n<\/ul>\n\n\n\n<p class=\"has-medium-font-size\"><a href=\"https:\/\/www;combodo.com\">Combodo<\/a><\/p>\n\n\n\n<ul class=\"wp-block-list\">\n<li>iTop <a href=\"https:\/\/www.itophub.io\/\">Hub<\/a> est un agr\u00e9gateur d&#8217;informations et une place de march\u00e9. Vous y trouverez:\n<ul class=\"wp-block-list\">\n<li>Le tr\u00e8s complet <a href=\"https:\/\/www.itophub.io\/wiki\/page?id=start\">wiki <\/a>d&#8217;iTop qui vous aidera sur toute question que vous vous posez sur ce logiciel,<\/li>\n\n\n\n<li>Le <a href=\"https:\/\/store.itophub.io\/\">store <\/a>qui vous permettra d&#8217;enrichir vos solutions iTop et TeemIp avec des extensions et fonctionnalit\u00e9s qui ne sont pas embarqu\u00e9es par d\u00e9faut dans le produit iTop.<\/li>\n<\/ul>\n<\/li>\n\n\n\n<li>Sur <a href=\"https:\/\/github.com\/Combodo\/iTop\">GitHub<\/a>, vous trouverez:\n<ul class=\"wp-block-list\">\n<li>L&#8217;int\u00e9gralit\u00e9 du code iTop<\/li>\n<\/ul>\n<\/li>\n\n\n\n<li>Sur <a href=\"https:\/\/sourceforge.net\/projects\/itop\/\">SourceForge<\/a>, vous trouverez:\n<ul class=\"wp-block-list\">\n<li>Le lien pour t\u00e9l\u00e9charger la <a href=\"https:\/\/sourceforge.net\/projects\/itop\/files\/latest\/download\">version communautaire<\/a> d&#8217;iTop,<\/li>\n\n\n\n<li>Un acc\u00e8s aux <a href=\"https:\/\/sourceforge.net\/p\/itop\/discussion\/\">canaux de discussions<\/a>,<\/li>\n\n\n\n<li>Une page pour enregistrer vos <a href=\"https:\/\/sourceforge.net\/p\/itop\/tickets\/\">tickets de support<\/a>. <\/li>\n<\/ul>\n<\/li>\n<\/ul>\n\n\n\n<p class=\"has-medium-font-size\"><a href=\"https:\/\/www.molkobain.com\/\">Molkobain<\/a><\/p>\n\n\n\n<ul class=\"wp-block-list\">\n<li>Molkobain d\u00e9veloppe des <a href=\"https:\/\/www.molkobain.com\/product-category\/itop-extensions\/\">extensions <\/a>tr\u00e8s int\u00e9ressantes qu&#8217;il est utile d&#8217;installer sur votre solution TeemIp.<\/li>\n<\/ul>\n\n\n<p><!--EndFragment--><\/p>\n\n\n<p><\/p>\n","protected":false},"excerpt":{"rendered":"<p>Cette page liste un ensemble de liens qui vous aideront avec TeemIp et qu&#8217;il vous sera utile de marquer dans votre navigateur. TeemIp Combodo Molkobain<\/p>\n","protected":false},"author":1,"featured_media":0,"parent":0,"menu_order":0,"comment_status":"closed","ping_status":"closed","template":"","meta":{"footnotes":""},"class_list":["post-335","page","type-page","status-publish","hentry"],"_links":{"self":[{"href":"https:\/\/www.teemip.net\/index.php?rest_route=\/wp\/v2\/pages\/335","targetHints":{"allow":["GET"]}}],"collection":[{"href":"https:\/\/www.teemip.net\/index.php?rest_route=\/wp\/v2\/pages"}],"about":[{"href":"https:\/\/www.teemip.net\/index.php?rest_route=\/wp\/v2\/types\/page"}],"author":[{"embeddable":true,"href":"https:\/\/www.teemip.net\/index.php?rest_route=\/wp\/v2\/users\/1"}],"replies":[{"embeddable":true,"href":"https:\/\/www.teemip.net\/index.php?rest_route=%2Fwp%2Fv2%2Fcomments&post=335"}],"version-history":[{"count":12,"href":"https:\/\/www.teemip.net\/index.php?rest_route=\/wp\/v2\/pages\/335\/revisions"}],"predecessor-version":[{"id":793,"href":"https:\/\/www.teemip.net\/index.php?rest_route=\/wp\/v2\/pages\/335\/revisions\/793"}],"wp:attachment":[{"href":"https:\/\/www.teemip.net\/index.php?rest_route=%2Fwp%2Fv2%2Fmedia&parent=335"}],"curies":[{"name":"wp","href":"https:\/\/api.w.org\/{rel}","templated":true}]}}