{"id":337,"date":"2019-11-29T14:55:36","date_gmt":"2019-11-29T13:55:36","guid":{"rendered":"https:\/\/www.teemip.net\/?page_id=337"},"modified":"2019-11-30T15:07:53","modified_gmt":"2019-11-30T14:07:53","slug":"demo-2","status":"publish","type":"page","link":"https:\/\/www.teemip.net\/?page_id=337","title":{"rendered":"D\u00e9mo"},"content":{"rendered":"\n<p>Vous pouvez d\u00e9couvrir et exp\u00e9rimenter TeemIp via nos d\u00e9mos en ligne. Celles-ci mettent en oeuvre la derni\u00e8re version des solutions TeemIp autonome et TeemIp en tant que module d&#8217;iTop. Selectionnez votre produit puis le profil et la langue que vous souhaitez tester dans les tableaux ci-dessous&#8230; et suivez le lien.<\/p>\n\n\n\n<table class=\"tdemo\"><tbody><tr><th>TeemIp autonome<\/th><th>English<\/th><th>Fran\u00e7ais<\/th><th>Deutsch<\/th><th>Espa\u00f1ol<\/th><\/tr><tr><td><b>Administrateur<\/b><br>(acc\u00e8s lecture\/\u00e9criture)<\/td><td><a href=\"https:\/\/demo.teemip.net\/stdalone\/pages\/UI.php?auth_user=admin&amp;suggest_pwd=admin\">Connexion<\/a><\/td><td><a href=\"https:\/\/demo.teemip.net\/stdalone\/pages\/UI.php?auth_user=admin-fr&amp;suggest_pwd=admin\">Connexion<\/a><\/td><td><a href=\"https:\/\/demo.teemip.net\/stdalone\/pages\/UI.php?auth_user=admin-de&amp;suggest_pwd=admin\">Connexion<\/a><\/td><td><a href=\"https:\/\/demo.teemip.net\/stdalone\/pages\/UI.php?auth_user=admin-sp&amp;suggest_pwd=admin\">Connexion<\/a><\/td><\/tr><tr><td><b>Hostmaster<\/b><br>(Espaces IP &amp; DNS)<\/td><td><a href=\"https:\/\/demo.teemip.net\/stdalone\/pages\/UI.php?auth_user=hostmaster&amp;suggest_pwd=hostmaster\">Connexion<\/a><\/td><td><a href=\"https:\/\/demo.teemip.net\/stdalone\/pages\/UI.php?auth_user=hostmaster-fr&amp;suggest_pwd=hostmaster\">Connexion<\/a><\/td><td><a href=\"https:\/\/demo.teemip.net\/stdalone\/pages\/UI.php?auth_user=hostmaster-de&amp;suggest_pwd=hostmaster\">Connexion<\/a><\/td><td><a href=\"https:\/\/demo.teemip.net\/stdalone\/pages\/UI.php?auth_user=hostmaster-sp&amp;suggest_pwd=hostmaster\">Connexion<\/a><\/td><\/tr><tr><td><b>Op\u00e9rateur<\/b><br>(Helpdesk + Configuration Management)<\/td><td><a href=\"https:\/\/demo.teemip.net\/stdalone\/pages\/UI.php?auth_user=operator&amp;suggest_pwd=operator\">Connexion<\/a><\/td><td><a href=\"https:\/\/demo.teemip.net\/stdalone\/pages\/UI.php?auth_user=operator-fr&amp;suggest_pwd=operator\">Connexion<\/a><\/td><td><a href=\"https:\/\/demo.teemip.net\/stdalone\/pages\/UI.php?auth_user=operator-de&amp;suggest_pwd=operator\">Connexion<\/a><\/td><td><a href=\"https:\/\/demo.teemip.net\/stdalone\/pages\/UI.php?auth_user=operator-sp&amp;suggest_pwd=operator\">Connexion<\/a><\/td><\/tr><tr><td><b>Utilisateur portail<\/b><\/td><td><a href=\"https:\/\/demo.teemip.net\/stdalone\/pages\/UI.php?auth_user=portal&amp;suggest_pwd=portal\">Connexion<\/a><\/td><td><a href=\"https:\/\/demo.teemip.net\/stdalone\/pages\/UI.php?auth_user=portal-fr&amp;suggest_pwd=portal\">Connexion<\/a><\/td><td><a href=\"https:\/\/demo.teemip.net\/stdalone\/pages\/UI.php?auth_user=portal-de&amp;suggest_pwd=portal\">Connexion<\/a><\/td><td><a href=\"https:\/\/demo.teemip.net\/stdalone\/pages\/UI.php?auth_user=portal-sp&amp;suggest_pwd=portal\">Connexion<\/a><\/td><\/tr><\/tbody><\/table>\n\n\n\n<p><\/p>\n\n\n\n<table class=\"tdemo\"><tbody><tr><th>TeemIp module<\/th><th>English<\/th><th>Fran\u00e7ais<\/th><th>Deutsch<\/th><th>Espa\u00f1ol<\/th><\/tr><tr><td><b>Administrateur<\/b><br>(acc\u00e8s lecture\/\u00e9criture)<\/td><td><a href=\"https:\/\/demo.teemip.net\/extension\/pages\/UI.php?auth_user=admin&amp;suggest_pwd=admin\">Connexion<\/a><\/td><td><a href=\"https:\/\/demo.teemip.net\/extension\/pages\/UI.php?auth_user=admin-fr&amp;suggest_pwd=admin\">Connexion<\/a><\/td><td><a href=\"https:\/\/demo.teemip.net\/extension\/pages\/UI.php?auth_user=admin-de&amp;suggest_pwd=admin\">Connexion<\/a><\/td><td><a href=\"https:\/\/demo.teemip.net\/extension\/pages\/UI.php?auth_user=admin-sp&amp;suggest_pwd=admin\">Connexion<\/a><\/td><\/tr><tr><td><b>Hostmaster<\/b><br>(Espaces IP &amp; DNS)<\/td><td><a href=\"https:\/\/demo.teemip.net\/extension\/pages\/UI.php?auth_user=hostmaster&amp;suggest_pwd=hostmaster\">Connexion<\/a><\/td><td><a href=\"https:\/\/demo.teemip.net\/extension\/pages\/UI.php?auth_user=hostmaster-fr&amp;suggest_pwd=hostmaster\">Connexion<\/a><\/td><td><a href=\"https:\/\/demo.teemip.net\/extension\/pages\/UI.php?auth_user=hostmaster-de&amp;suggest_pwd=hostmaster\">Connexion<\/a><\/td><td><a href=\"https:\/\/demo.teemip.net\/extension\/pages\/UI.php?auth_user=hostmaster-sp&amp;suggest_pwd=hostmaster\">Connexion<\/a><\/td><\/tr><tr><td><b>Op\u00e9rateur<\/b><br>(Helpdesk + Configuration Management)<\/td><td><a href=\"https:\/\/demo.teemip.net\/extension\/pages\/UI.php?auth_user=operator&amp;suggest_pwd=operator\">Connexion<\/a><\/td><td><a href=\"https:\/\/demo.teemip.net\/extension\/pages\/UI.php?auth_user=operator-fr&amp;suggest_pwd=operator\">Connexion<\/a><\/td><td><a href=\"https:\/\/demo.teemip.net\/extension\/pages\/UI.php?auth_user=operator-de&amp;suggest_pwd=operator\">Connexion<\/a><\/td><td><a href=\"https:\/\/demo.teemip.net\/extension\/pages\/UI.php?auth_user=operator-sp&amp;suggest_pwd=operator\">Connexion<\/a><\/td><\/tr><tr><td><b>Utilisateur portail<\/b><\/td><td><a href=\"https:\/\/demo.teemip.net\/extension\/pages\/UI.php?auth_user=portal&amp;suggest_pwd=portal\">Connexion<\/a><\/td><td><a href=\"https:\/\/demo.teemip.net\/extension\/pages\/UI.php?auth_user=portal-fr&amp;suggest_pwd=portal\">Connexion<\/a><\/td><td><a href=\"https:\/\/demo.teemip.net\/extension\/pages\/UI.php?auth_user=portal-de&amp;suggest_pwd=portal\">Connexion<\/a><\/td><td><a href=\"https:\/\/demo.teemip.net\/extension\/pages\/UI.php?auth_user=portal-sp&amp;suggest_pwd=portal\">Connexion<\/a><\/td><\/tr><\/tbody><\/table>\n\n\n\n<p>Notes:<\/p>\n\n\n\n<ul class=\"wp-block-list\"><li>En mode d\u00e9mo, les comptes utilisateurs ainsi que les param\u00e8tres de configuration ne peuvent pas \u00eatre modifi\u00e9s.<\/li><li>TeemIp en tant que module a \u00e9t\u00e9 install\u00e9 sur la derni\u00e8re branche iTop.  <\/li><\/ul>\n\n\n<p><!--EndFragment--><\/p>\n\n\n<p><\/p>\n","protected":false},"excerpt":{"rendered":"<p>Vous pouvez d\u00e9couvrir et exp\u00e9rimenter TeemIp via nos d\u00e9mos en ligne. Celles-ci mettent en oeuvre la derni\u00e8re version des solutions TeemIp autonome et TeemIp en tant que module d&#8217;iTop. Selectionnez votre produit puis le profil et la langue que vous souhaitez tester dans les tableaux ci-dessous&#8230; et suivez le lien. TeemIp autonome English Fran\u00e7ais Deutsch [&hellip;]<\/p>\n","protected":false},"author":1,"featured_media":0,"parent":0,"menu_order":0,"comment_status":"closed","ping_status":"closed","template":"","meta":{"footnotes":""},"class_list":["post-337","page","type-page","status-publish","hentry"],"_links":{"self":[{"href":"https:\/\/www.teemip.net\/index.php?rest_route=\/wp\/v2\/pages\/337","targetHints":{"allow":["GET"]}}],"collection":[{"href":"https:\/\/www.teemip.net\/index.php?rest_route=\/wp\/v2\/pages"}],"about":[{"href":"https:\/\/www.teemip.net\/index.php?rest_route=\/wp\/v2\/types\/page"}],"author":[{"embeddable":true,"href":"https:\/\/www.teemip.net\/index.php?rest_route=\/wp\/v2\/users\/1"}],"replies":[{"embeddable":true,"href":"https:\/\/www.teemip.net\/index.php?rest_route=%2Fwp%2Fv2%2Fcomments&post=337"}],"version-history":[{"count":9,"href":"https:\/\/www.teemip.net\/index.php?rest_route=\/wp\/v2\/pages\/337\/revisions"}],"predecessor-version":[{"id":394,"href":"https:\/\/www.teemip.net\/index.php?rest_route=\/wp\/v2\/pages\/337\/revisions\/394"}],"wp:attachment":[{"href":"https:\/\/www.teemip.net\/index.php?rest_route=%2Fwp%2Fv2%2Fmedia&parent=337"}],"curies":[{"name":"wp","href":"https:\/\/api.w.org\/{rel}","templated":true}]}}