{"id":474,"date":"2020-02-15T11:32:22","date_gmt":"2020-02-15T10:32:22","guid":{"rendered":"https:\/\/www.teemip.net\/?page_id=474"},"modified":"2020-02-15T11:32:22","modified_gmt":"2020-02-15T10:32:22","slug":"code-2","status":"publish","type":"page","link":"https:\/\/www.teemip.net\/?page_id=474","title":{"rendered":"Code"},"content":{"rendered":"\n<p>Le projet  TeemIp est licenci\u00e9 sous la version 3 de la <a rel=\"noreferrer noopener\" href=\"https:\/\/www.gnu.org\/licenses\/agpl-3.0.en.html\" target=\"_blank\">GNU Affero General Public License<\/a> publi\u00e9e par la Free Software Foundation.<\/p>\n\n\n\n<p>L&#8217;int\u00e9gralit\u00e9 du code utilis\u00e9 pour construire l&#8217;application TeemIp est disponible sur <a href=\"https:\/\/github.com\/TeemIp\">GitHub<\/a> ou vous pouvez le t\u00e9l\u00e9charger et contribuer par l&#8217;interm\u00e9diaire des pull requets.<\/p>\n\n\n\n<p>iTop, le framework sur lequel repose TeemIp est \u00e9galement disponible <a href=\"https:\/\/github.com\/Combodo\/iTop\">ici <\/a>sur GitHub.<\/p>\n\n\n<p><!--EndFragment--><br>\n<br>\n<\/p>","protected":false},"excerpt":{"rendered":"<p>Le projet TeemIp est licenci\u00e9 sous la version 3 de la GNU Affero General Public License publi\u00e9e par la Free Software Foundation. L&#8217;int\u00e9gralit\u00e9 du code utilis\u00e9 pour construire l&#8217;application TeemIp est disponible sur GitHub ou vous pouvez le t\u00e9l\u00e9charger et contribuer par l&#8217;interm\u00e9diaire des pull requets. iTop, le framework sur lequel repose TeemIp est \u00e9galement [&hellip;]<\/p>\n","protected":false},"author":1,"featured_media":0,"parent":0,"menu_order":0,"comment_status":"closed","ping_status":"closed","template":"","meta":{"footnotes":""},"class_list":["post-474","page","type-page","status-publish","hentry"],"_links":{"self":[{"href":"https:\/\/www.teemip.net\/index.php?rest_route=\/wp\/v2\/pages\/474","targetHints":{"allow":["GET"]}}],"collection":[{"href":"https:\/\/www.teemip.net\/index.php?rest_route=\/wp\/v2\/pages"}],"about":[{"href":"https:\/\/www.teemip.net\/index.php?rest_route=\/wp\/v2\/types\/page"}],"author":[{"embeddable":true,"href":"https:\/\/www.teemip.net\/index.php?rest_route=\/wp\/v2\/users\/1"}],"replies":[{"embeddable":true,"href":"https:\/\/www.teemip.net\/index.php?rest_route=%2Fwp%2Fv2%2Fcomments&post=474"}],"version-history":[{"count":3,"href":"https:\/\/www.teemip.net\/index.php?rest_route=\/wp\/v2\/pages\/474\/revisions"}],"predecessor-version":[{"id":477,"href":"https:\/\/www.teemip.net\/index.php?rest_route=\/wp\/v2\/pages\/474\/revisions\/477"}],"wp:attachment":[{"href":"https:\/\/www.teemip.net\/index.php?rest_route=%2Fwp%2Fv2%2Fmedia&parent=474"}],"curies":[{"name":"wp","href":"https:\/\/api.w.org\/{rel}","templated":true}]}}